{"id":293,"date":"2025-08-04T15:35:14","date_gmt":"2025-08-04T15:35:14","guid":{"rendered":"https:\/\/ptcenter.ro\/?page_id=293"},"modified":"2025-08-04T15:45:20","modified_gmt":"2025-08-04T15:45:20","slug":"pilates-reformer","status":"publish","type":"page","link":"https:\/\/ptcenter.ro\/?page_id=293","title":{"rendered":"Pilates Reformer"},"content":{"rendered":"\n<div class=\"preturi-wrapper\">\n  <div class=\"section\">\n    <h2>PILATES REFORMER<\/h2>\n    \n    <img decoding=\"async\" src=\"https:\/\/ptcenter.ro\/wp-content\/uploads\/2025\/08\/WhatsApp-Image-2025-08-04-at-17.43.24.jpeg\" alt=\"Pilates Reformer\" style=\"max-width: 100%; border-radius: 10px; margin: 20px 0;\" \/>\n\n    <p>Pilates Reformer utilizeaz\u0103 un aparat special conceput, cu platform\u0103 mobil\u0103 \u0219i arcuri ajustabile, pentru a combina exerci\u021bii de for\u021b\u0103, flexibilitate \u0219i control postural. Rezisten\u021ba progresiv\u0103 ajut\u0103 la activarea musculaturii profunde, corectarea alinierii coloanei \u0219i \u00eembun\u0103t\u0103\u021birea stabilit\u0103\u021bii articula\u021biilor. Metoda este recomandat\u0103 at\u00e2t persoanelor care doresc un antrenament complet, c\u00e2t \u0219i celor care se recupereaz\u0103 dup\u0103 accident\u0103ri sau vor s\u0103 previn\u0103 dezechilibrele musculare.<\/p>\n\n    <h3>Pre\u021buri<\/h3>\n    <ul>\n      <li><strong>4 \u0219edin\u021be<\/strong> \u2013 <span class=\"highlight\">320 lei<\/span><\/li>\n      <li><strong>8 \u0219edin\u021be<\/strong> \u2013 <span class=\"highlight\">600 lei<\/span><\/li>\n      <li><strong>12 \u0219edin\u021be<\/strong> \u2013 <span class=\"highlight\">840 lei<\/span><\/li>\n      <li><strong>20 \u0219edin\u021be<\/strong> \u2013 <span class=\"highlight\">1500 lei<\/span><\/li>\n    <\/ul>\n  <\/div>\n<\/div>\n\n","protected":false},"excerpt":{"rendered":"<p>PILATES REFORMER Pilates Reformer utilizeaz\u0103 un aparat special conceput, cu platform\u0103 mobil\u0103 \u0219i arcuri ajustabile, pentru a combina exerci\u021bii de for\u021b\u0103, flexibilitate \u0219i control postural. Rezisten\u021ba progresiv\u0103 ajut\u0103 la activarea musculaturii profunde, corectarea alinierii coloanei \u0219i \u00eembun\u0103t\u0103\u021birea stabilit\u0103\u021bii articula\u021biilor. Metoda este recomandat\u0103 at\u00e2t persoanelor care doresc un antrenament complet, c\u00e2t \u0219i celor care se recupereaz\u0103 dup\u0103 accident\u0103ri sau vor s\u0103 previn\u0103 dezechilibrele musculare. Pre\u021buri 4 \u0219edin\u021be \u2013 320 lei 8 \u0219edin\u021be \u2013 600 lei 12 \u0219edin\u021be \u2013 840 lei 20 \u0219edin\u021be \u2013 1500 lei<\/p>\n","protected":false},"author":1,"featured_media":0,"parent":0,"menu_order":0,"comment_status":"closed","ping_status":"closed","template":"template-basic","meta":{"footnotes":""},"class_list":["post-293","page","type-page","status-publish","hentry"],"yoast_head":"<!-- This site is optimized with the Yoast SEO plugin v26.9 - https:\/\/yoast.com\/product\/yoast-seo-wordpress\/ -->\n<title>Pilates Reformer - PTCenter<\/title>\n<meta name=\"description\" content=\"Pilates Reformer utilizeaz\u0103 un aparat special conceput, cu platform\u0103 mobil\u0103 \u0219i arcuri ajustabile, pentru a combina exerci\u021bii de for\u021b\u0103, flexibilitate \u0219i control postural. Rezisten\u021ba progresiv\u0103 ajut\u0103 la activarea musculaturii profunde, corectarea alinierii coloanei \u0219i \u00eembun\u0103t\u0103\u021birea stabilit\u0103\u021bii articula\u021biilor. Metoda este recomandat\u0103 at\u00e2t persoanelor care doresc un antrenament complet, c\u00e2t \u0219i celor care se recupereaz\u0103 dup\u0103 accident\u0103ri sau vor s\u0103 previn\u0103 dezechilibrele musculare.\" \/>\n<meta name=\"robots\" content=\"index, follow, max-snippet:-1, max-image-preview:large, max-video-preview:-1\" \/>\n<link rel=\"canonical\" href=\"https:\/\/ptcenter.ro\/?page_id=293\" \/>\n<meta property=\"og:locale\" content=\"en_US\" \/>\n<meta property=\"og:type\" content=\"article\" \/>\n<meta property=\"og:title\" content=\"Pilates Reformer - PTCenter\" \/>\n<meta property=\"og:description\" content=\"Pilates Reformer utilizeaz\u0103 un aparat special conceput, cu platform\u0103 mobil\u0103 \u0219i arcuri ajustabile, pentru a combina exerci\u021bii de for\u021b\u0103, flexibilitate \u0219i control postural. Rezisten\u021ba progresiv\u0103 ajut\u0103 la activarea musculaturii profunde, corectarea alinierii coloanei \u0219i \u00eembun\u0103t\u0103\u021birea stabilit\u0103\u021bii articula\u021biilor. Metoda este recomandat\u0103 at\u00e2t persoanelor care doresc un antrenament complet, c\u00e2t \u0219i celor care se recupereaz\u0103 dup\u0103 accident\u0103ri sau vor s\u0103 previn\u0103 dezechilibrele musculare.\" \/>\n<meta property=\"og:url\" content=\"https:\/\/ptcenter.ro\/?page_id=293\" \/>\n<meta property=\"og:site_name\" content=\"PTCenter\" \/>\n<meta property=\"article:publisher\" content=\"https:\/\/www.facebook.com\/ptcentersrl\" \/>\n<meta property=\"article:modified_time\" content=\"2025-08-04T15:45:20+00:00\" \/>\n<meta property=\"og:image\" content=\"https:\/\/ptcenter.ro\/wp-content\/uploads\/2025\/08\/WhatsApp-Image-2025-08-04-at-17.43.24.jpeg\" \/>\n<meta name=\"twitter:card\" content=\"summary_large_image\" \/>\n<meta name=\"twitter:label1\" content=\"Est. reading time\" \/>\n\t<meta name=\"twitter:data1\" content=\"1 minute\" \/>\n<script type=\"application\/ld+json\" class=\"yoast-schema-graph\">{\"@context\":\"https:\/\/schema.org\",\"@graph\":[{\"@type\":\"WebPage\",\"@id\":\"https:\/\/ptcenter.ro\/?page_id=293\",\"url\":\"https:\/\/ptcenter.ro\/?page_id=293\",\"name\":\"Pilates Reformer - PTCenter\",\"isPartOf\":{\"@id\":\"https:\/\/ptcenter.ro\/#website\"},\"primaryImageOfPage\":{\"@id\":\"https:\/\/ptcenter.ro\/?page_id=293#primaryimage\"},\"image\":{\"@id\":\"https:\/\/ptcenter.ro\/?page_id=293#primaryimage\"},\"thumbnailUrl\":\"https:\/\/ptcenter.ro\/wp-content\/uploads\/2025\/08\/WhatsApp-Image-2025-08-04-at-17.43.24.jpeg\",\"datePublished\":\"2025-08-04T15:35:14+00:00\",\"dateModified\":\"2025-08-04T15:45:20+00:00\",\"description\":\"Pilates Reformer utilizeaz\u0103 un aparat special conceput, cu platform\u0103 mobil\u0103 \u0219i arcuri ajustabile, pentru a combina exerci\u021bii de for\u021b\u0103, flexibilitate \u0219i control postural. Rezisten\u021ba progresiv\u0103 ajut\u0103 la activarea musculaturii profunde, corectarea alinierii coloanei \u0219i \u00eembun\u0103t\u0103\u021birea stabilit\u0103\u021bii articula\u021biilor. Metoda este recomandat\u0103 at\u00e2t persoanelor care doresc un antrenament complet, c\u00e2t \u0219i celor care se recupereaz\u0103 dup\u0103 accident\u0103ri sau vor s\u0103 previn\u0103 dezechilibrele musculare.\",\"breadcrumb\":{\"@id\":\"https:\/\/ptcenter.ro\/?page_id=293#breadcrumb\"},\"inLanguage\":\"en-US\",\"potentialAction\":[{\"@type\":\"ReadAction\",\"target\":[\"https:\/\/ptcenter.ro\/?page_id=293\"]}]},{\"@type\":\"ImageObject\",\"inLanguage\":\"en-US\",\"@id\":\"https:\/\/ptcenter.ro\/?page_id=293#primaryimage\",\"url\":\"https:\/\/ptcenter.ro\/wp-content\/uploads\/2025\/08\/WhatsApp-Image-2025-08-04-at-17.43.24.jpeg\",\"contentUrl\":\"https:\/\/ptcenter.ro\/wp-content\/uploads\/2025\/08\/WhatsApp-Image-2025-08-04-at-17.43.24.jpeg\",\"width\":1320,\"height\":1655},{\"@type\":\"BreadcrumbList\",\"@id\":\"https:\/\/ptcenter.ro\/?page_id=293#breadcrumb\",\"itemListElement\":[{\"@type\":\"ListItem\",\"position\":1,\"name\":\"Home\",\"item\":\"https:\/\/ptcenter.ro\/\"},{\"@type\":\"ListItem\",\"position\":2,\"name\":\"Pilates Reformer\"}]},{\"@type\":\"WebSite\",\"@id\":\"https:\/\/ptcenter.ro\/#website\",\"url\":\"https:\/\/ptcenter.ro\/\",\"name\":\"PTCenter\",\"description\":\"\",\"publisher\":{\"@id\":\"https:\/\/ptcenter.ro\/#organization\"},\"potentialAction\":[{\"@type\":\"SearchAction\",\"target\":{\"@type\":\"EntryPoint\",\"urlTemplate\":\"https:\/\/ptcenter.ro\/?s={search_term_string}\"},\"query-input\":{\"@type\":\"PropertyValueSpecification\",\"valueRequired\":true,\"valueName\":\"search_term_string\"}}],\"inLanguage\":\"en-US\"},{\"@type\":\"Organization\",\"@id\":\"https:\/\/ptcenter.ro\/#organization\",\"name\":\"PTCenter\",\"url\":\"https:\/\/ptcenter.ro\/\",\"logo\":{\"@type\":\"ImageObject\",\"inLanguage\":\"en-US\",\"@id\":\"https:\/\/ptcenter.ro\/#\/schema\/logo\/image\/\",\"url\":\"https:\/\/ptcenter.ro\/wp-content\/uploads\/2023\/05\/White-on-Black-6.png\",\"contentUrl\":\"https:\/\/ptcenter.ro\/wp-content\/uploads\/2023\/05\/White-on-Black-6.png\",\"width\":7500,\"height\":7500,\"caption\":\"PTCenter\"},\"image\":{\"@id\":\"https:\/\/ptcenter.ro\/#\/schema\/logo\/image\/\"},\"sameAs\":[\"https:\/\/www.facebook.com\/ptcentersrl\",\"https:\/\/instagram.com\/ptcenter1.0?igshid=NGVhN2U2NjQ0Yg&utm_source=qr\"]}]}<\/script>\n<!-- \/ Yoast SEO plugin. -->","yoast_head_json":{"title":"Pilates Reformer - PTCenter","description":"Pilates Reformer utilizeaz\u0103 un aparat special conceput, cu platform\u0103 mobil\u0103 \u0219i arcuri ajustabile, pentru a combina exerci\u021bii de for\u021b\u0103, flexibilitate \u0219i control postural. Rezisten\u021ba progresiv\u0103 ajut\u0103 la activarea musculaturii profunde, corectarea alinierii coloanei \u0219i \u00eembun\u0103t\u0103\u021birea stabilit\u0103\u021bii articula\u021biilor. Metoda este recomandat\u0103 at\u00e2t persoanelor care doresc un antrenament complet, c\u00e2t \u0219i celor care se recupereaz\u0103 dup\u0103 accident\u0103ri sau vor s\u0103 previn\u0103 dezechilibrele musculare.","robots":{"index":"index","follow":"follow","max-snippet":"max-snippet:-1","max-image-preview":"max-image-preview:large","max-video-preview":"max-video-preview:-1"},"canonical":"https:\/\/ptcenter.ro\/?page_id=293","og_locale":"en_US","og_type":"article","og_title":"Pilates Reformer - PTCenter","og_description":"Pilates Reformer utilizeaz\u0103 un aparat special conceput, cu platform\u0103 mobil\u0103 \u0219i arcuri ajustabile, pentru a combina exerci\u021bii de for\u021b\u0103, flexibilitate \u0219i control postural. Rezisten\u021ba progresiv\u0103 ajut\u0103 la activarea musculaturii profunde, corectarea alinierii coloanei \u0219i \u00eembun\u0103t\u0103\u021birea stabilit\u0103\u021bii articula\u021biilor. Metoda este recomandat\u0103 at\u00e2t persoanelor care doresc un antrenament complet, c\u00e2t \u0219i celor care se recupereaz\u0103 dup\u0103 accident\u0103ri sau vor s\u0103 previn\u0103 dezechilibrele musculare.","og_url":"https:\/\/ptcenter.ro\/?page_id=293","og_site_name":"PTCenter","article_publisher":"https:\/\/www.facebook.com\/ptcentersrl","article_modified_time":"2025-08-04T15:45:20+00:00","og_image":[{"url":"https:\/\/ptcenter.ro\/wp-content\/uploads\/2025\/08\/WhatsApp-Image-2025-08-04-at-17.43.24.jpeg","type":"","width":"","height":""}],"twitter_card":"summary_large_image","twitter_misc":{"Est. reading time":"1 minute"},"schema":{"@context":"https:\/\/schema.org","@graph":[{"@type":"WebPage","@id":"https:\/\/ptcenter.ro\/?page_id=293","url":"https:\/\/ptcenter.ro\/?page_id=293","name":"Pilates Reformer - PTCenter","isPartOf":{"@id":"https:\/\/ptcenter.ro\/#website"},"primaryImageOfPage":{"@id":"https:\/\/ptcenter.ro\/?page_id=293#primaryimage"},"image":{"@id":"https:\/\/ptcenter.ro\/?page_id=293#primaryimage"},"thumbnailUrl":"https:\/\/ptcenter.ro\/wp-content\/uploads\/2025\/08\/WhatsApp-Image-2025-08-04-at-17.43.24.jpeg","datePublished":"2025-08-04T15:35:14+00:00","dateModified":"2025-08-04T15:45:20+00:00","description":"Pilates Reformer utilizeaz\u0103 un aparat special conceput, cu platform\u0103 mobil\u0103 \u0219i arcuri ajustabile, pentru a combina exerci\u021bii de for\u021b\u0103, flexibilitate \u0219i control postural. Rezisten\u021ba progresiv\u0103 ajut\u0103 la activarea musculaturii profunde, corectarea alinierii coloanei \u0219i \u00eembun\u0103t\u0103\u021birea stabilit\u0103\u021bii articula\u021biilor. Metoda este recomandat\u0103 at\u00e2t persoanelor care doresc un antrenament complet, c\u00e2t \u0219i celor care se recupereaz\u0103 dup\u0103 accident\u0103ri sau vor s\u0103 previn\u0103 dezechilibrele musculare.","breadcrumb":{"@id":"https:\/\/ptcenter.ro\/?page_id=293#breadcrumb"},"inLanguage":"en-US","potentialAction":[{"@type":"ReadAction","target":["https:\/\/ptcenter.ro\/?page_id=293"]}]},{"@type":"ImageObject","inLanguage":"en-US","@id":"https:\/\/ptcenter.ro\/?page_id=293#primaryimage","url":"https:\/\/ptcenter.ro\/wp-content\/uploads\/2025\/08\/WhatsApp-Image-2025-08-04-at-17.43.24.jpeg","contentUrl":"https:\/\/ptcenter.ro\/wp-content\/uploads\/2025\/08\/WhatsApp-Image-2025-08-04-at-17.43.24.jpeg","width":1320,"height":1655},{"@type":"BreadcrumbList","@id":"https:\/\/ptcenter.ro\/?page_id=293#breadcrumb","itemListElement":[{"@type":"ListItem","position":1,"name":"Home","item":"https:\/\/ptcenter.ro\/"},{"@type":"ListItem","position":2,"name":"Pilates Reformer"}]},{"@type":"WebSite","@id":"https:\/\/ptcenter.ro\/#website","url":"https:\/\/ptcenter.ro\/","name":"PTCenter","description":"","publisher":{"@id":"https:\/\/ptcenter.ro\/#organization"},"potentialAction":[{"@type":"SearchAction","target":{"@type":"EntryPoint","urlTemplate":"https:\/\/ptcenter.ro\/?s={search_term_string}"},"query-input":{"@type":"PropertyValueSpecification","valueRequired":true,"valueName":"search_term_string"}}],"inLanguage":"en-US"},{"@type":"Organization","@id":"https:\/\/ptcenter.ro\/#organization","name":"PTCenter","url":"https:\/\/ptcenter.ro\/","logo":{"@type":"ImageObject","inLanguage":"en-US","@id":"https:\/\/ptcenter.ro\/#\/schema\/logo\/image\/","url":"https:\/\/ptcenter.ro\/wp-content\/uploads\/2023\/05\/White-on-Black-6.png","contentUrl":"https:\/\/ptcenter.ro\/wp-content\/uploads\/2023\/05\/White-on-Black-6.png","width":7500,"height":7500,"caption":"PTCenter"},"image":{"@id":"https:\/\/ptcenter.ro\/#\/schema\/logo\/image\/"},"sameAs":["https:\/\/www.facebook.com\/ptcentersrl","https:\/\/instagram.com\/ptcenter1.0?igshid=NGVhN2U2NjQ0Yg&utm_source=qr"]}]}},"_links":{"self":[{"href":"https:\/\/ptcenter.ro\/index.php?rest_route=\/wp\/v2\/pages\/293","targetHints":{"allow":["GET"]}}],"collection":[{"href":"https:\/\/ptcenter.ro\/index.php?rest_route=\/wp\/v2\/pages"}],"about":[{"href":"https:\/\/ptcenter.ro\/index.php?rest_route=\/wp\/v2\/types\/page"}],"author":[{"embeddable":true,"href":"https:\/\/ptcenter.ro\/index.php?rest_route=\/wp\/v2\/users\/1"}],"replies":[{"embeddable":true,"href":"https:\/\/ptcenter.ro\/index.php?rest_route=%2Fwp%2Fv2%2Fcomments&post=293"}],"version-history":[{"count":3,"href":"https:\/\/ptcenter.ro\/index.php?rest_route=\/wp\/v2\/pages\/293\/revisions"}],"predecessor-version":[{"id":297,"href":"https:\/\/ptcenter.ro\/index.php?rest_route=\/wp\/v2\/pages\/293\/revisions\/297"}],"wp:attachment":[{"href":"https:\/\/ptcenter.ro\/index.php?rest_route=%2Fwp%2Fv2%2Fmedia&parent=293"}],"curies":[{"name":"wp","href":"https:\/\/api.w.org\/{rel}","templated":true}]}}