{"id":178,"date":"2025-05-14T07:15:41","date_gmt":"2025-05-14T07:15:41","guid":{"rendered":"https:\/\/ptcenter.ro\/?page_id=178"},"modified":"2025-05-14T07:54:46","modified_gmt":"2025-05-14T07:54:46","slug":"178-2","status":"publish","type":"page","link":"https:\/\/ptcenter.ro\/?page_id=178","title":{"rendered":"Antrenori"},"content":{"rendered":"\n<div class=\"wp-block-columns is-layout-flex wp-container-core-columns-is-layout-28f84493 wp-block-columns-is-layout-flex\">\n<div class=\"wp-block-column is-layout-flow wp-block-column-is-layout-flow\">\n<figure class=\"wp-block-image size-large\"><img fetchpriority=\"high\" decoding=\"async\" width=\"771\" height=\"1024\" src=\"https:\/\/ptcenter.ro\/wp-content\/uploads\/2025\/05\/WhatsApp-Image-2025-05-14-at-10.20.07-771x1024.jpeg\" alt=\"\" class=\"wp-image-185\" srcset=\"https:\/\/ptcenter.ro\/wp-content\/uploads\/2025\/05\/WhatsApp-Image-2025-05-14-at-10.20.07-771x1024.jpeg 771w, https:\/\/ptcenter.ro\/wp-content\/uploads\/2025\/05\/WhatsApp-Image-2025-05-14-at-10.20.07-226x300.jpeg 226w, https:\/\/ptcenter.ro\/wp-content\/uploads\/2025\/05\/WhatsApp-Image-2025-05-14-at-10.20.07-768x1021.jpeg 768w, https:\/\/ptcenter.ro\/wp-content\/uploads\/2025\/05\/WhatsApp-Image-2025-05-14-at-10.20.07-1156x1536.jpeg 1156w, https:\/\/ptcenter.ro\/wp-content\/uploads\/2025\/05\/WhatsApp-Image-2025-05-14-at-10.20.07.jpeg 1204w\" sizes=\"(max-width: 771px) 100vw, 771px\" \/><\/figure>\n\n\n\n<div class=\"bio-wrapper\">\n    <h1>Cristian Chiri\u021b\u0103<\/h1>\n    <h2>Fondator \u0219i CEO &#8211; PT Center<\/h2>\n    <p><strong>Kinetoterapeut<\/strong><br>\n        Antrenor Personal level 2 acreditat de peste 12 ani,<br>\n        Tehnician nutri\u021bionist acreditat<br>\n        Fitness diet nutrition specialist acreditat<br>\n        Instructor fitness acreditat<br>\n        Instructor grup fitness acreditat (Pilates, body combat, body pump, functional training, TRX training)<br>\n        Instructor cycling acreditat\n    <\/p>\n    <p>\n        Am experien\u021b\u0103 \u00een domeniul fitnessului de peste 20 de ani, competitor Men&#8217;s Physique, am creat \u0219i dezvoltat programul de sl\u0103bire \u0219i educare nutri\u021bional\u0103 <strong>TRANSFORM12W<\/strong>, care ajut\u0103 la \u00eenv\u0103\u021barea fiec\u0103rei persoane cum s\u0103 gestioneze programul alimentar \u00een func\u021bie de scopul \u0219i stilul de via\u021b\u0103.\n    <\/p>\n    <p>\n        Experien\u021b\u0103 \u00een introducerea noilor persoane cu zero condi\u021bie fizic\u0103 at\u00e2t \u00eentr-o sal\u0103 de fitness, c\u00e2t \u0219i \u00een adaptarea exerci\u021biilor \u0219i corectarea lor pentru un antrenament f\u0103r\u0103 accident\u0103ri.\n    <\/p>\n    <p>\n        Antrenamente de hipertrofie muscular\u0103 de performan\u021b\u0103, antrenamente pliometrice pentru dezvoltarea vitezei de reac\u021bie, antrenamente pentru corec\u021bii posturale \u0219i func\u021bionale pentru o via\u021b\u0103 c\u00e2t mai activ\u0103.\n    <\/p>\n    <p>\n        <strong>Suntem aici pentru a te ajuta s\u0103 \u00eencepi \u0219i s\u0103 men\u021bii un stil de via\u021b\u0103 s\u0103n\u0103tos.<\/strong><br>\n        <em>See you at work!<\/em>\n    <\/p>\n<\/div>\n\n<\/div>\n\n\n\n<div class=\"wp-block-column is-layout-flow wp-block-column-is-layout-flow\">\n<figure class=\"wp-block-image size-large\"><img decoding=\"async\" width=\"741\" height=\"1024\" src=\"https:\/\/ptcenter.ro\/wp-content\/uploads\/2025\/05\/WhatsApp-Image-2025-05-14-at-10.04.54-1-741x1024.jpeg\" alt=\"\" class=\"wp-image-180\" srcset=\"https:\/\/ptcenter.ro\/wp-content\/uploads\/2025\/05\/WhatsApp-Image-2025-05-14-at-10.04.54-1-741x1024.jpeg 741w, https:\/\/ptcenter.ro\/wp-content\/uploads\/2025\/05\/WhatsApp-Image-2025-05-14-at-10.04.54-1-217x300.jpeg 217w, https:\/\/ptcenter.ro\/wp-content\/uploads\/2025\/05\/WhatsApp-Image-2025-05-14-at-10.04.54-1-768x1061.jpeg 768w, https:\/\/ptcenter.ro\/wp-content\/uploads\/2025\/05\/WhatsApp-Image-2025-05-14-at-10.04.54-1-1112x1536.jpeg 1112w, https:\/\/ptcenter.ro\/wp-content\/uploads\/2025\/05\/WhatsApp-Image-2025-05-14-at-10.04.54-1-1482x2048.jpeg 1482w, https:\/\/ptcenter.ro\/wp-content\/uploads\/2025\/05\/WhatsApp-Image-2025-05-14-at-10.04.54-1-scaled.jpeg 1853w\" sizes=\"(max-width: 741px) 100vw, 741px\" \/><\/figure>\n\n\n\n<div class=\"bio-wrapper\">\n    <h1>Cristina Anastasescu<\/h1>\n    <p>\n        Sunt absolvent\u0103 a facult\u0103\u021bii de Kinetoterapie la Universitatea Na\u021bional\u0103 de Educa\u021bie Fizic\u0103 \u0219i Sport \u0219i am certificare de Instructor Fitness acreditat\u0103 de Federa\u021bia Rom\u00e2n\u0103 de Culturism \u0219i Fitness.\n    <\/p>\n    <p>\n        Pot s\u0103 \u00ee\u021bi spun despre mine c\u0103 sunt o antrenoare motivat\u0103 s\u0103 transform vie\u021bile oamenilor prin intermediul exerci\u021biului fizic \u0219i al unui stil de via\u021b\u0103 s\u0103n\u0103tos. Pasiunea mea pentru sport a \u00eenceput de la v\u00e2rsta de 6 ani, c\u00e2nd am practicat baschet, urm\u00e2nd mai apoi s\u0103 devin campioan\u0103 na\u021bional\u0103 4 ani la r\u00e2nd \u00een 2015, 2016, 2017 \u0219i 2018.\n    <\/p>\n    <p>\n        F\u0103c\u00e2nd sport de la o v\u00e2rst\u0103 at\u00e2t de fraged\u0103, am fost mereu \u00eencurajat\u0103 s\u0103 caut noi provoc\u0103ri. Cred c\u0103 fiecare zi reprezint\u0103 o oportunitate de a \u00eenv\u0103\u021ba \u0219i de a cre\u0219te, de a dep\u0103\u0219i limite \u0219i de a ne realiza poten\u021bialul maxim.\n    <\/p>\n    <p>\n        Punctualitatea \u0219i devotamentul sunt valori fundamentale pentru mine. Fie c\u0103 \u00ee\u021bi dore\u0219ti s\u0103 \u00ee\u021bi \u00eembun\u0103t\u0103\u021be\u0219ti condi\u021bia fizic\u0103, s\u0103 sl\u0103be\u0219ti, s\u0103 c\u00e2\u0219tigi mas\u0103 muscular\u0103 sau doar s\u0103 te men\u021bii, sunt aici s\u0103 te ghidez pas cu pas. \u00cempreun\u0103, putem transforma orice provocare \u00eentr-o oportunitate, iar eu sunt dedicat\u0103 s\u0103 te ajut s\u0103 devii cea mai bun\u0103 versiune a ta.\n    <\/p>\n<\/div>\n\n<\/div>\n\n\n\n<div class=\"wp-block-column is-layout-flow wp-block-column-is-layout-flow\">\n\n<\/div>\n<\/div>\n\n\n\n<p><\/p>\n","protected":false},"excerpt":{"rendered":"<p>Cristian Chiri\u021b\u0103 Fondator \u0219i CEO &#8211; PT Center Kinetoterapeut Antrenor Personal level 2 acreditat de peste 12 ani, Tehnician nutri\u021bionist acreditat Fitness diet nutrition specialist acreditat Instructor fitness acreditat Instructor grup fitness acreditat (Pilates, body combat, body pump, functional training, TRX training) Instructor cycling acreditat Am experien\u021b\u0103 \u00een domeniul fitnessului de peste 20 de ani, competitor Men&#8217;s Physique, am creat \u0219i dezvoltat programul de sl\u0103bire \u0219i educare nutri\u021bional\u0103 TRANSFORM12W, care ajut\u0103 la \u00eenv\u0103\u021barea fiec\u0103rei persoane cum s\u0103 gestioneze programul alimentar \u00een func\u021bie de scopul \u0219i stilul de via\u021b\u0103. Experien\u021b\u0103 \u00een introducerea noilor persoane cu zero condi\u021bie fizic\u0103 at\u00e2t \u00eentr-o sal\u0103<\/p>\n","protected":false},"author":1,"featured_media":0,"parent":0,"menu_order":0,"comment_status":"closed","ping_status":"closed","template":"template-basic","meta":{"footnotes":""},"class_list":["post-178","page","type-page","status-publish","hentry"],"yoast_head":"<!-- This site is optimized with the Yoast SEO plugin v26.9 - https:\/\/yoast.com\/product\/yoast-seo-wordpress\/ -->\n<title>Antrenori - PTCenter<\/title>\n<meta name=\"robots\" content=\"index, follow, max-snippet:-1, max-image-preview:large, max-video-preview:-1\" \/>\n<link rel=\"canonical\" href=\"https:\/\/ptcenter.ro\/?page_id=178\" \/>\n<meta property=\"og:locale\" content=\"en_US\" \/>\n<meta property=\"og:type\" content=\"article\" \/>\n<meta property=\"og:title\" content=\"Antrenori - PTCenter\" \/>\n<meta property=\"og:description\" content=\"Cristian Chiri\u021b\u0103 Fondator \u0219i CEO &#8211; PT Center Kinetoterapeut Antrenor Personal level 2 acreditat de peste 12 ani, Tehnician nutri\u021bionist acreditat Fitness diet nutrition specialist acreditat Instructor fitness acreditat Instructor grup fitness acreditat (Pilates, body combat, body pump, functional training, TRX training) Instructor cycling acreditat Am experien\u021b\u0103 \u00een domeniul fitnessului de peste 20 de ani, competitor Men&#8217;s Physique, am creat \u0219i dezvoltat programul de sl\u0103bire \u0219i educare nutri\u021bional\u0103 TRANSFORM12W, care ajut\u0103 la \u00eenv\u0103\u021barea fiec\u0103rei persoane cum s\u0103 gestioneze programul alimentar \u00een func\u021bie de scopul \u0219i stilul de via\u021b\u0103. Experien\u021b\u0103 \u00een introducerea noilor persoane cu zero condi\u021bie fizic\u0103 at\u00e2t \u00eentr-o sal\u0103\" \/>\n<meta property=\"og:url\" content=\"https:\/\/ptcenter.ro\/?page_id=178\" \/>\n<meta property=\"og:site_name\" content=\"PTCenter\" \/>\n<meta property=\"article:publisher\" content=\"https:\/\/www.facebook.com\/ptcentersrl\" \/>\n<meta property=\"article:modified_time\" content=\"2025-05-14T07:54:46+00:00\" \/>\n<meta property=\"og:image\" content=\"https:\/\/ptcenter.ro\/wp-content\/uploads\/2025\/05\/WhatsApp-Image-2025-05-14-at-10.20.07-771x1024.jpeg\" \/>\n<meta name=\"twitter:card\" content=\"summary_large_image\" \/>\n<meta name=\"twitter:label1\" content=\"Est. reading time\" \/>\n\t<meta name=\"twitter:data1\" content=\"3 minutes\" \/>\n<script type=\"application\/ld+json\" class=\"yoast-schema-graph\">{\"@context\":\"https:\/\/schema.org\",\"@graph\":[{\"@type\":\"WebPage\",\"@id\":\"https:\/\/ptcenter.ro\/?page_id=178\",\"url\":\"https:\/\/ptcenter.ro\/?page_id=178\",\"name\":\"Antrenori - PTCenter\",\"isPartOf\":{\"@id\":\"https:\/\/ptcenter.ro\/#website\"},\"primaryImageOfPage\":{\"@id\":\"https:\/\/ptcenter.ro\/?page_id=178#primaryimage\"},\"image\":{\"@id\":\"https:\/\/ptcenter.ro\/?page_id=178#primaryimage\"},\"thumbnailUrl\":\"https:\/\/ptcenter.ro\/wp-content\/uploads\/2025\/05\/WhatsApp-Image-2025-05-14-at-10.20.07-771x1024.jpeg\",\"datePublished\":\"2025-05-14T07:15:41+00:00\",\"dateModified\":\"2025-05-14T07:54:46+00:00\",\"breadcrumb\":{\"@id\":\"https:\/\/ptcenter.ro\/?page_id=178#breadcrumb\"},\"inLanguage\":\"en-US\",\"potentialAction\":[{\"@type\":\"ReadAction\",\"target\":[\"https:\/\/ptcenter.ro\/?page_id=178\"]}]},{\"@type\":\"ImageObject\",\"inLanguage\":\"en-US\",\"@id\":\"https:\/\/ptcenter.ro\/?page_id=178#primaryimage\",\"url\":\"https:\/\/ptcenter.ro\/wp-content\/uploads\/2025\/05\/WhatsApp-Image-2025-05-14-at-10.20.07.jpeg\",\"contentUrl\":\"https:\/\/ptcenter.ro\/wp-content\/uploads\/2025\/05\/WhatsApp-Image-2025-05-14-at-10.20.07.jpeg\",\"width\":1204,\"height\":1600},{\"@type\":\"BreadcrumbList\",\"@id\":\"https:\/\/ptcenter.ro\/?page_id=178#breadcrumb\",\"itemListElement\":[{\"@type\":\"ListItem\",\"position\":1,\"name\":\"Home\",\"item\":\"https:\/\/ptcenter.ro\/\"},{\"@type\":\"ListItem\",\"position\":2,\"name\":\"Antrenori\"}]},{\"@type\":\"WebSite\",\"@id\":\"https:\/\/ptcenter.ro\/#website\",\"url\":\"https:\/\/ptcenter.ro\/\",\"name\":\"PTCenter\",\"description\":\"\",\"publisher\":{\"@id\":\"https:\/\/ptcenter.ro\/#organization\"},\"potentialAction\":[{\"@type\":\"SearchAction\",\"target\":{\"@type\":\"EntryPoint\",\"urlTemplate\":\"https:\/\/ptcenter.ro\/?s={search_term_string}\"},\"query-input\":{\"@type\":\"PropertyValueSpecification\",\"valueRequired\":true,\"valueName\":\"search_term_string\"}}],\"inLanguage\":\"en-US\"},{\"@type\":\"Organization\",\"@id\":\"https:\/\/ptcenter.ro\/#organization\",\"name\":\"PTCenter\",\"url\":\"https:\/\/ptcenter.ro\/\",\"logo\":{\"@type\":\"ImageObject\",\"inLanguage\":\"en-US\",\"@id\":\"https:\/\/ptcenter.ro\/#\/schema\/logo\/image\/\",\"url\":\"https:\/\/ptcenter.ro\/wp-content\/uploads\/2023\/05\/White-on-Black-6.png\",\"contentUrl\":\"https:\/\/ptcenter.ro\/wp-content\/uploads\/2023\/05\/White-on-Black-6.png\",\"width\":7500,\"height\":7500,\"caption\":\"PTCenter\"},\"image\":{\"@id\":\"https:\/\/ptcenter.ro\/#\/schema\/logo\/image\/\"},\"sameAs\":[\"https:\/\/www.facebook.com\/ptcentersrl\",\"https:\/\/instagram.com\/ptcenter1.0?igshid=NGVhN2U2NjQ0Yg&utm_source=qr\"]}]}<\/script>\n<!-- \/ Yoast SEO plugin. -->","yoast_head_json":{"title":"Antrenori - PTCenter","robots":{"index":"index","follow":"follow","max-snippet":"max-snippet:-1","max-image-preview":"max-image-preview:large","max-video-preview":"max-video-preview:-1"},"canonical":"https:\/\/ptcenter.ro\/?page_id=178","og_locale":"en_US","og_type":"article","og_title":"Antrenori - PTCenter","og_description":"Cristian Chiri\u021b\u0103 Fondator \u0219i CEO &#8211; PT Center Kinetoterapeut Antrenor Personal level 2 acreditat de peste 12 ani, Tehnician nutri\u021bionist acreditat Fitness diet nutrition specialist acreditat Instructor fitness acreditat Instructor grup fitness acreditat (Pilates, body combat, body pump, functional training, TRX training) Instructor cycling acreditat Am experien\u021b\u0103 \u00een domeniul fitnessului de peste 20 de ani, competitor Men&#8217;s Physique, am creat \u0219i dezvoltat programul de sl\u0103bire \u0219i educare nutri\u021bional\u0103 TRANSFORM12W, care ajut\u0103 la \u00eenv\u0103\u021barea fiec\u0103rei persoane cum s\u0103 gestioneze programul alimentar \u00een func\u021bie de scopul \u0219i stilul de via\u021b\u0103. Experien\u021b\u0103 \u00een introducerea noilor persoane cu zero condi\u021bie fizic\u0103 at\u00e2t \u00eentr-o sal\u0103","og_url":"https:\/\/ptcenter.ro\/?page_id=178","og_site_name":"PTCenter","article_publisher":"https:\/\/www.facebook.com\/ptcentersrl","article_modified_time":"2025-05-14T07:54:46+00:00","og_image":[{"url":"https:\/\/ptcenter.ro\/wp-content\/uploads\/2025\/05\/WhatsApp-Image-2025-05-14-at-10.20.07-771x1024.jpeg","type":"","width":"","height":""}],"twitter_card":"summary_large_image","twitter_misc":{"Est. reading time":"3 minutes"},"schema":{"@context":"https:\/\/schema.org","@graph":[{"@type":"WebPage","@id":"https:\/\/ptcenter.ro\/?page_id=178","url":"https:\/\/ptcenter.ro\/?page_id=178","name":"Antrenori - PTCenter","isPartOf":{"@id":"https:\/\/ptcenter.ro\/#website"},"primaryImageOfPage":{"@id":"https:\/\/ptcenter.ro\/?page_id=178#primaryimage"},"image":{"@id":"https:\/\/ptcenter.ro\/?page_id=178#primaryimage"},"thumbnailUrl":"https:\/\/ptcenter.ro\/wp-content\/uploads\/2025\/05\/WhatsApp-Image-2025-05-14-at-10.20.07-771x1024.jpeg","datePublished":"2025-05-14T07:15:41+00:00","dateModified":"2025-05-14T07:54:46+00:00","breadcrumb":{"@id":"https:\/\/ptcenter.ro\/?page_id=178#breadcrumb"},"inLanguage":"en-US","potentialAction":[{"@type":"ReadAction","target":["https:\/\/ptcenter.ro\/?page_id=178"]}]},{"@type":"ImageObject","inLanguage":"en-US","@id":"https:\/\/ptcenter.ro\/?page_id=178#primaryimage","url":"https:\/\/ptcenter.ro\/wp-content\/uploads\/2025\/05\/WhatsApp-Image-2025-05-14-at-10.20.07.jpeg","contentUrl":"https:\/\/ptcenter.ro\/wp-content\/uploads\/2025\/05\/WhatsApp-Image-2025-05-14-at-10.20.07.jpeg","width":1204,"height":1600},{"@type":"BreadcrumbList","@id":"https:\/\/ptcenter.ro\/?page_id=178#breadcrumb","itemListElement":[{"@type":"ListItem","position":1,"name":"Home","item":"https:\/\/ptcenter.ro\/"},{"@type":"ListItem","position":2,"name":"Antrenori"}]},{"@type":"WebSite","@id":"https:\/\/ptcenter.ro\/#website","url":"https:\/\/ptcenter.ro\/","name":"PTCenter","description":"","publisher":{"@id":"https:\/\/ptcenter.ro\/#organization"},"potentialAction":[{"@type":"SearchAction","target":{"@type":"EntryPoint","urlTemplate":"https:\/\/ptcenter.ro\/?s={search_term_string}"},"query-input":{"@type":"PropertyValueSpecification","valueRequired":true,"valueName":"search_term_string"}}],"inLanguage":"en-US"},{"@type":"Organization","@id":"https:\/\/ptcenter.ro\/#organization","name":"PTCenter","url":"https:\/\/ptcenter.ro\/","logo":{"@type":"ImageObject","inLanguage":"en-US","@id":"https:\/\/ptcenter.ro\/#\/schema\/logo\/image\/","url":"https:\/\/ptcenter.ro\/wp-content\/uploads\/2023\/05\/White-on-Black-6.png","contentUrl":"https:\/\/ptcenter.ro\/wp-content\/uploads\/2023\/05\/White-on-Black-6.png","width":7500,"height":7500,"caption":"PTCenter"},"image":{"@id":"https:\/\/ptcenter.ro\/#\/schema\/logo\/image\/"},"sameAs":["https:\/\/www.facebook.com\/ptcentersrl","https:\/\/instagram.com\/ptcenter1.0?igshid=NGVhN2U2NjQ0Yg&utm_source=qr"]}]}},"_links":{"self":[{"href":"https:\/\/ptcenter.ro\/index.php?rest_route=\/wp\/v2\/pages\/178","targetHints":{"allow":["GET"]}}],"collection":[{"href":"https:\/\/ptcenter.ro\/index.php?rest_route=\/wp\/v2\/pages"}],"about":[{"href":"https:\/\/ptcenter.ro\/index.php?rest_route=\/wp\/v2\/types\/page"}],"author":[{"embeddable":true,"href":"https:\/\/ptcenter.ro\/index.php?rest_route=\/wp\/v2\/users\/1"}],"replies":[{"embeddable":true,"href":"https:\/\/ptcenter.ro\/index.php?rest_route=%2Fwp%2Fv2%2Fcomments&post=178"}],"version-history":[{"count":9,"href":"https:\/\/ptcenter.ro\/index.php?rest_route=\/wp\/v2\/pages\/178\/revisions"}],"predecessor-version":[{"id":196,"href":"https:\/\/ptcenter.ro\/index.php?rest_route=\/wp\/v2\/pages\/178\/revisions\/196"}],"wp:attachment":[{"href":"https:\/\/ptcenter.ro\/index.php?rest_route=%2Fwp%2Fv2%2Fmedia&parent=178"}],"curies":[{"name":"wp","href":"https:\/\/api.w.org\/{rel}","templated":true}]}}